{"id":42,"date":"2020-05-08T05:28:29","date_gmt":"2020-05-08T05:28:29","guid":{"rendered":"http:\/\/www.kivikainulainen.fi\/?page_id=42"},"modified":"2020-05-20T07:21:25","modified_gmt":"2020-05-20T07:21:25","slug":"liuskelouhos-kainulainen","status":"publish","type":"page","link":"https:\/\/www.kivikainulainen.fi\/","title":{"rendered":"Liuskelouhos Kainulainen"},"content":{"rendered":"\n<div class=\"wp-block-image\"><figure class=\"aligncenter size-large is-resized\"><img loading=\"lazy\" decoding=\"async\" src=\"http:\/\/www.kivikainulainen.fi\/wp-content\/uploads\/2020\/05\/logo.jpg\" alt=\"Liuskelouhos Kainulainen\" class=\"wp-image-122\" width=\"214\" height=\"204\" srcset=\"https:\/\/www.kivikainulainen.fi\/wp-content\/uploads\/2020\/05\/logo.jpg 854w, https:\/\/www.kivikainulainen.fi\/wp-content\/uploads\/2020\/05\/logo-300x287.jpg 300w, https:\/\/www.kivikainulainen.fi\/wp-content\/uploads\/2020\/05\/logo-768x735.jpg 768w\" sizes=\"auto, (max-width: 214px) 100vw, 214px\" \/><\/figure><\/div>\n\n\n\n<p>Liuskelouhos Kainulainen louhii ja myy Nilsi\u00e4n kvartsiittiliusketta. Kvartsiittiliuske soveltuu monenlaiseen k\u00e4ytt\u00f6\u00f6n, siit\u00e4 voit tehd\u00e4 esimerkiksi kauniita ja kest\u00e4vi\u00e4 ulkoterasseja, takkoja, lattioita.<\/p>\n\n\n\n<p>Louhos sijaitsee Nilsi\u00e4ss\u00e4 ja paikalla on louhittu kive\u00e4 jo 1950-luvulta l\u00e4htien. Liuskelouhos Kainulainen on toiminut vuodesta 1977, eli kokemusta l\u00f6ytyy jo yli nelj\u00e4nkymmenen vuoden ajalta.<\/p>\n\n\n\n<figure class=\"wp-block-image size-large\"><img loading=\"lazy\" decoding=\"async\" width=\"594\" height=\"160\" src=\"http:\/\/www.kivikainulainen.fi\/wp-content\/uploads\/2020\/05\/img_1243409163_14868_1244542501_mod_594_160.jpg\" alt=\"kuva kivilouhoksesta\" class=\"wp-image-52\" srcset=\"https:\/\/www.kivikainulainen.fi\/wp-content\/uploads\/2020\/05\/img_1243409163_14868_1244542501_mod_594_160.jpg 594w, https:\/\/www.kivikainulainen.fi\/wp-content\/uploads\/2020\/05\/img_1243409163_14868_1244542501_mod_594_160-300x81.jpg 300w\" sizes=\"auto, (max-width: 594px) 100vw, 594px\" \/><\/figure>\n\n\n\n<h2 class=\"wp-block-heading\">Kivi<\/h2>\n\n\n\n<p>Kvartsiitti on maankuoressa kovassa paineessa ja kuumuudessa p\u00e4\u00e4asiassa kvartsihiekkakivest\u00e4 syntynyt kivilaji. Kvartsiitti&nbsp; on voimakkaasti liuskeista. V\u00e4rilt\u00e4\u00e4n se voi olla vaalea, harmaa, punertava tai vihert\u00e4v\u00e4. Kauniin n\u00e4k\u00f6ns\u00e4 ja puhtautensa vuoksi kvartsiitti on suosittu rakennusaineena, erityisesti verhouskiven\u00e4. Kive\u00e4 ty\u00f6stet\u00e4\u00e4n pitk\u00e4lti k\u00e4sity\u00f6n\u00e4. Vasaraa ja kiilaa k\u00e4ytt\u00e4en kivest\u00e4 saadaan muokattua oikeanlaista kive\u00e4 eri tarkoituksiin.<\/p>\n\n\n\n<figure class=\"wp-block-gallery alignleft columns-2 is-cropped wp-block-gallery-1 is-layout-flex wp-block-gallery-is-layout-flex\"><ul class=\"blocks-gallery-grid\"><li class=\"blocks-gallery-item\"><figure><img loading=\"lazy\" decoding=\"async\" width=\"259\" height=\"300\" src=\"http:\/\/www.kivikainulainen.fi\/wp-content\/uploads\/2020\/05\/DSC00158-e1589182606476-259x300.jpg\" alt=\"kivi\u00e4\" data-id=\"136\" data-full-url=\"http:\/\/www.kivikainulainen.fi\/wp-content\/uploads\/2020\/05\/DSC00158-e1589182606476.jpg\" data-link=\"http:\/\/www.kivikainulainen.fi\/?attachment_id=136\" class=\"wp-image-136\" srcset=\"https:\/\/www.kivikainulainen.fi\/wp-content\/uploads\/2020\/05\/DSC00158-e1589182606476-259x300.jpg 259w, https:\/\/www.kivikainulainen.fi\/wp-content\/uploads\/2020\/05\/DSC00158-e1589182606476-883x1024.jpg 883w, https:\/\/www.kivikainulainen.fi\/wp-content\/uploads\/2020\/05\/DSC00158-e1589182606476-768x890.jpg 768w, https:\/\/www.kivikainulainen.fi\/wp-content\/uploads\/2020\/05\/DSC00158-e1589182606476-1325x1536.jpg 1325w, https:\/\/www.kivikainulainen.fi\/wp-content\/uploads\/2020\/05\/DSC00158-e1589182606476.jpg 1515w\" sizes=\"auto, (max-width: 259px) 100vw, 259px\" \/><\/figure><\/li><li class=\"blocks-gallery-item\"><figure><img loading=\"lazy\" decoding=\"async\" width=\"300\" height=\"171\" src=\"http:\/\/www.kivikainulainen.fi\/wp-content\/uploads\/2020\/05\/DSC00157-e1589182692644-300x171.jpg\" alt=\"kivi\u00e4 louhoksella\" data-id=\"135\" data-full-url=\"http:\/\/www.kivikainulainen.fi\/wp-content\/uploads\/2020\/05\/DSC00157-e1589182692644.jpg\" data-link=\"http:\/\/www.kivikainulainen.fi\/?attachment_id=135\" class=\"wp-image-135\" srcset=\"https:\/\/www.kivikainulainen.fi\/wp-content\/uploads\/2020\/05\/DSC00157-e1589182692644-300x171.jpg 300w, https:\/\/www.kivikainulainen.fi\/wp-content\/uploads\/2020\/05\/DSC00157-e1589182692644-1024x584.jpg 1024w, https:\/\/www.kivikainulainen.fi\/wp-content\/uploads\/2020\/05\/DSC00157-e1589182692644-768x438.jpg 768w, https:\/\/www.kivikainulainen.fi\/wp-content\/uploads\/2020\/05\/DSC00157-e1589182692644-1536x877.jpg 1536w, https:\/\/www.kivikainulainen.fi\/wp-content\/uploads\/2020\/05\/DSC00157-e1589182692644.jpg 2027w\" sizes=\"auto, (max-width: 300px) 100vw, 300px\" \/><\/figure><\/li><\/ul><\/figure>\n","protected":false},"excerpt":{"rendered":"<p>Liuskelouhos Kainulainen louhii ja myy Nilsi\u00e4n kvartsiittiliusketta. Kvartsiittiliuske soveltuu monenlaiseen k\u00e4ytt\u00f6\u00f6n, siit\u00e4 voit tehd\u00e4 esimerkiksi kauniita ja kest\u00e4vi\u00e4 ulkoterasseja, takkoja, lattioita. Louhos sijaitsee Nilsi\u00e4ss\u00e4 ja paikalla on louhittu kive\u00e4 jo 1950-luvulta l\u00e4htien. Liuskelouhos Kainulainen on toiminut vuodesta 1977, eli kokemusta l\u00f6ytyy jo yli nelj\u00e4nkymmenen vuoden ajalta. Kivi Kvartsiitti on maankuoressa kovassa paineessa ja kuumuudessa p\u00e4\u00e4asiassa &hellip; <a href=\"https:\/\/www.kivikainulainen.fi\/\" class=\"more-link\">Jatka lukemista <span class=\"screen-reader-text\">Liuskelouhos Kainulainen<\/span> <span class=\"meta-nav\">&rarr;<\/span><\/a><\/p>\n","protected":false},"author":1,"featured_media":0,"parent":0,"menu_order":0,"comment_status":"closed","ping_status":"closed","template":"","meta":{"footnotes":""},"class_list":["post-42","page","type-page","status-publish","hentry"],"_links":{"self":[{"href":"https:\/\/www.kivikainulainen.fi\/index.php?rest_route=\/wp\/v2\/pages\/42","targetHints":{"allow":["GET"]}}],"collection":[{"href":"https:\/\/www.kivikainulainen.fi\/index.php?rest_route=\/wp\/v2\/pages"}],"about":[{"href":"https:\/\/www.kivikainulainen.fi\/index.php?rest_route=\/wp\/v2\/types\/page"}],"author":[{"embeddable":true,"href":"https:\/\/www.kivikainulainen.fi\/index.php?rest_route=\/wp\/v2\/users\/1"}],"replies":[{"embeddable":true,"href":"https:\/\/www.kivikainulainen.fi\/index.php?rest_route=%2Fwp%2Fv2%2Fcomments&post=42"}],"version-history":[{"count":13,"href":"https:\/\/www.kivikainulainen.fi\/index.php?rest_route=\/wp\/v2\/pages\/42\/revisions"}],"predecessor-version":[{"id":187,"href":"https:\/\/www.kivikainulainen.fi\/index.php?rest_route=\/wp\/v2\/pages\/42\/revisions\/187"}],"wp:attachment":[{"href":"https:\/\/www.kivikainulainen.fi\/index.php?rest_route=%2Fwp%2Fv2%2Fmedia&parent=42"}],"curies":[{"name":"wp","href":"https:\/\/api.w.org\/{rel}","templated":true}]}}